{"id":112,"date":"2016-09-19T08:57:39","date_gmt":"2016-09-19T06:57:39","guid":{"rendered":"http:\/\/dev.joomexp.com\/wordpress\/wp-transpress\/?page_id=112"},"modified":"2020-08-03T16:37:31","modified_gmt":"2020-08-03T14:37:31","slug":"home","status":"publish","type":"page","link":"https:\/\/www.getrex.nl\/de\/","title":{"rendered":"Home"},"content":{"rendered":"<p>[vc_row full_width=&#8220;stretch_row_content_no_spaces&#8220;][vc_column][rev_slider_vc alias=&#8220;home-slider-de&#8220;][\/vc_column][\/vc_row][vc_row float_to_top=&#8220;&#8220; row_custom_paralax=&#8220;&#8220; css=&#8220;.vc_custom_1596465388078{padding-top: 45px !important;padding-bottom: 45px !important;}&#8220;][vc_column width=&#8220;1\/2&#8243;][vc_column_text]<\/p>\n<div style=\"width: 870px;\" class=\"wp-video\"><video class=\"wp-video-shortcode\" id=\"video-112-11\" width=\"870\" height=\"489\" preload=\"metadata\" controls=\"controls\"><source type=\"video\/mp4\" src=\"https:\/\/www.getrex.nl\/wp-content\/uploads\/2020\/08\/Autoblog-@-Mille-Miglia-2018-autotransport.mp4?_=11\" \/><a href=\"https:\/\/www.getrex.nl\/wp-content\/uploads\/2020\/08\/Autoblog-@-Mille-Miglia-2018-autotransport.mp4\">https:\/\/www.getrex.nl\/wp-content\/uploads\/2020\/08\/Autoblog-@-Mille-Miglia-2018-autotransport.mp4<\/a><\/video><\/div>\n<p>[\/vc_column_text][\/vc_column][vc_column width=&#8220;1\/2&#8243;][vc_column_text]<\/p>\n<div style=\"width: 854px;\" class=\"wp-video\"><video class=\"wp-video-shortcode\" id=\"video-112-12\" width=\"854\" height=\"480\" preload=\"metadata\" controls=\"controls\"><source type=\"video\/mp4\" src=\"https:\/\/www.getrex.nl\/wp-content\/uploads\/2020\/08\/GETREX-AND-MW-AUTOMOTIVE-BVBA.mp4?_=12\" \/><a href=\"https:\/\/www.getrex.nl\/wp-content\/uploads\/2020\/08\/GETREX-AND-MW-AUTOMOTIVE-BVBA.mp4\">https:\/\/www.getrex.nl\/wp-content\/uploads\/2020\/08\/GETREX-AND-MW-AUTOMOTIVE-BVBA.mp4<\/a><\/video><\/div>\n<p>[\/vc_column_text][\/vc_column][\/vc_row][vc_row float_to_top=&#8220;1&#8243; ftt_type=&#8220;sub60&#8243; width_1230=&#8220;true&#8220; row_custom_paralax=&#8220;&#8220; css=&#8220;.vc_custom_1596465407717{padding-bottom: 18px !important;background-color: #ffffff !important;}&#8220;][vc_column css_animation=&#8220;cms_animate fadeIn wow&#8220; css_animation_delay=&#8220;200ms&#8220; offset=&#8220;vc_col-lg-4 vc_col-md-4&#8243;][cms_fancybox_single fancy_style=&#8220;style-3&#8243; title_font_size_18=&#8220;1&#8243; image_size=&#8220;size2&#8243; title_item=&#8220;Renntransporter Motorsport&#8220; cms_template=&#8220;cms_fancybox_single.php&#8220; image=&#8220;1819&#8243; link=&#8220;url:http%3A%2F%2Fwww.getrex.nl%2Fdev%2Fracetrailers-motorsport%2F|title:Mehr%20lesen||&#8220; description_item=&#8220;Unsere Transporter werden nur nach Kundenwunsch entwickelt und gebaut.&#8220;][\/vc_column][vc_column css_animation=&#8220;cms_animate fadeIn wow&#8220; css_animation_delay=&#8220;400ms&#8220; offset=&#8220;vc_col-lg-4 vc_col-md-4&#8243;][cms_fancybox_single fancy_style=&#8220;style-3&#8243; title_font_size_18=&#8220;1&#8243; image_size=&#8220;size2&#8243; title_item=&#8220;Exclusive Car Transporters&#8220; cms_template=&#8220;cms_fancybox_single.php&#8220; image=&#8220;1821&#8243; description_item=&#8220;Wir bauen nur Spezialfahrzeuge, vor allem im Bereich Motorsport und Veranstaltungen.&#8220; link=&#8220;url:http%3A%2F%2Fwww.getrex.nl%2Fdev%2Fexclusieve-auto-transporters%2F|title:Mehr%20lesen||&#8220;][\/vc_column][vc_column offset=&#8220;vc_col-lg-4 vc_col-md-4&#8243;][vc_column_text css=&#8220;.vc_custom_1596465449499{padding-bottom: 30px !important;}&#8220;]<\/p>\n<div style=\"width: 636px;\" class=\"wp-video\"><video class=\"wp-video-shortcode\" id=\"video-112-13\" width=\"636\" height=\"360\" preload=\"metadata\" controls=\"controls\"><source type=\"video\/mp4\" src=\"https:\/\/www.getrex.nl\/wp-content\/uploads\/2020\/08\/GETREX-GSP319-DB-2.2.TYPE-2020.mp4?_=13\" \/><a href=\"https:\/\/www.getrex.nl\/wp-content\/uploads\/2020\/08\/GETREX-GSP319-DB-2.2.TYPE-2020.mp4\">https:\/\/www.getrex.nl\/wp-content\/uploads\/2020\/08\/GETREX-GSP319-DB-2.2.TYPE-2020.mp4<\/a><\/video><\/div>\n<p>[\/vc_column_text][vc_column_text]<\/p>\n<div style=\"width: 844px;\" class=\"wp-video\"><video class=\"wp-video-shortcode\" id=\"video-112-14\" width=\"844\" height=\"480\" preload=\"metadata\" controls=\"controls\"><source type=\"video\/mp4\" src=\"https:\/\/www.getrex.nl\/wp-content\/uploads\/2020\/08\/EXTENDABLE-LIBRARY-TRUCK.mp4?_=14\" \/><a href=\"https:\/\/www.getrex.nl\/wp-content\/uploads\/2020\/08\/EXTENDABLE-LIBRARY-TRUCK.mp4\">https:\/\/www.getrex.nl\/wp-content\/uploads\/2020\/08\/EXTENDABLE-LIBRARY-TRUCK.mp4<\/a><\/video><\/div>\n<p>[\/vc_column_text][\/vc_column][\/vc_row][vc_row][vc_column width=&#8220;1\/3&#8243;][cms_fancybox_single fancy_style=&#8220;style-3&#8243; title_font_size_18=&#8220;1&#8243; image_size=&#8220;size2&#8243; title_item=&#8220;Hydraulischen B\u00f6den&#8220; cms_template=&#8220;cms_fancybox_single.php&#8220; image=&#8220;1822&#8243; description_item=&#8220;Wir liefern verschieden Typen von hydraulischen B\u00f6den. Voll hydraulisch oder hydraulische kombiniert mit Stahlseilen.&#8220; link=&#8220;url:http%3A%2F%2Fwww.getrex.nl%2Fdev%2Fhydraulische-vloeren%2F|title:Mehr%20lesen||&#8220;][\/vc_column][vc_column width=&#8220;1\/3&#8243;][cms_fancybox_single fancy_style=&#8220;style-3&#8243; title_font_size_18=&#8220;1&#8243; image_size=&#8220;size2&#8243; title_item=&#8220;FleXXbox Container&#8220; cms_template=&#8220;cms_fancybox_single.php&#8220; image=&#8220;1823&#8243; description_item=&#8220;Diese neu Entwicklung betrifft einen Unit oder Container der sich selbst\u00e4ndig, also ohne Hilfsmittel, von das Chassis, bis auf den Boden stellen kann.&#8220; link=&#8220;url:http%3A%2F%2Fwww.getrex.nl%2Fdev%2Fflexxbox-containers%2F|title:Mehr%20lesen||&#8220;][\/vc_column][vc_column width=&#8220;1\/3&#8243;][vc_column_text el_id=&#8220;getrex-home-video-vertical&#8220;]<\/p>\n<div style=\"width: 360px;\" class=\"wp-video\"><video class=\"wp-video-shortcode\" id=\"video-112-15\" width=\"360\" height=\"420\" preload=\"metadata\" controls=\"controls\"><source type=\"video\/mp4\" src=\"https:\/\/www.getrex.nl\/wp-content\/uploads\/2020\/08\/20200724_102213.mp4?_=15\" \/><a href=\"https:\/\/www.getrex.nl\/wp-content\/uploads\/2020\/08\/20200724_102213.mp4\">https:\/\/www.getrex.nl\/wp-content\/uploads\/2020\/08\/20200724_102213.mp4<\/a><\/video><\/div>\n<p>[\/vc_column_text][\/vc_column][\/vc_row][vc_row][vc_column width=&#8220;1\/3&#8243;][cms_fancybox_single fancy_style=&#8220;style-3&#8243; title_font_size_18=&#8220;1&#8243; image_size=&#8220;size2&#8243; title_item=&#8220;Spezialkonstruktion&#8220; cms_template=&#8220;cms_fancybox_single.php&#8220; image=&#8220;2063&#8243; description_item=&#8220;In unserem Bereich Spezialkonstruktionen umfasst 3.500 kg Anh\u00e4nger, Kofferaufbauten und hochwertige Event Containern.&#8220; link=&#8220;url:http%3A%2F%2Fwww.getrex.nl%2Fdev%2Fspeciaalbouw%2F|title:Mehr%20lesen||&#8220;][\/vc_column][vc_column width=&#8220;1\/3&#8243;][\/vc_column][vc_column width=&#8220;1\/3&#8243;][\/vc_column][\/vc_row][vc_row full_width=&#8220;stretch_row&#8220; equal_height=&#8220;yes&#8220; content_placement=&#8220;middle&#8220; css=&#8220;.vc_custom_1492697430658{background-color: #f1f1f2 !important;}&#8220;][vc_column css=&#8220;.vc_custom_1493716489191{padding-top: 40px !important;padding-bottom: 90px !important;}&#8220; offset=&#8220;vc_col-lg-6&#8243;][vc_custom_heading text=&#8220;Renntransporter<br \/>\nnach Kundenwunsch&#8220; use_theme_fonts=&#8220;yes&#8220; css_animation=&#8220;cms_animate zoomIn wow&#8220; show_border_bottom=&#8220;1&#8243; css=&#8220;.vc_custom_1493975425614{margin-bottom: 36px !important;}&#8220;][\/vc_custom_heading][vc_column_text el_class=&#8220;padding-right-100&#8243;]Der Spezialist f\u00fcr hochwertige Auflieger, Anh\u00e4nger und Special Aufbauten.<\/p>\n<p>Getrex entwickelt und produziert Anh\u00e4nger f\u00fcr spezielle Anwendungen.<\/p>\n<ul>\n<li>Renntransporter f\u00fcr Motorsport<\/li>\n<li>Transport von Prototypen der Automobilindustrie<\/li>\n<li>Service Center Racing<\/li>\n<li>Catering Gro\u00dfveranstaltungen<\/li>\n<li>Medizinische Forschung vor Ort<\/li>\n<li>Events<\/li>\n<li>Private Aktivit\u00e4ten<\/li>\n<\/ul>\n<p>Unsere Anh\u00e4nger werden nach Kundenspezifikation und in \u00dcbereinstimmung mit den geltenden Leitlinien f\u00fcr Bestimmungsland hergestellt. Alle Versionen sind m\u00f6glich:<\/p>\n<ul>\n<li>Mit oder ohne separaten Aufenthaltsraum \/ Wohnabteil<\/li>\n<li>Dusche, K\u00fcche und Geschirrsp\u00fclmachine, Satelliten usw.<\/li>\n<li>Aggregaten<\/li>\n<li>Zweiten Ladenboden manuell oder voll Hydraulisch ferngesteuert<\/li>\n<li>Promotion Fahrzeugen<\/li>\n<li>\u00dcbertragungsfahrzeugen.<\/li>\n<\/ul>\n<p>FlexxBox\u00a0Hydraulischen Abstellcontainer:<\/p>\n<p>Dieser Container kann sich v\u00f6llig unabh\u00e4ngig von einem Standard-Container-Chassis automatisch funkfernbediend abstellen bis auf den Boden. Die Stufenh\u00f6he ist ca. 120 mm. F\u00fcr alle Produktbrosch\u00fcren sind auf Anfrage erh\u00e4ltlich.[\/vc_column_text][\/vc_column][vc_column css_animation=&#8220;cms_animate wow slideInRight&#8220; fill_place=&#8220;1&#8243; css_animation_delay=&#8220;300ms&#8220; offset=&#8220;vc_col-lg-6 vc_hidden-md vc_hidden-sm vc_hidden-xs&#8220; css=&#8220;.vc_custom_1493716258331{background-image: url(https:\/\/www.getrex.nl\/wp-content\/uploads\/2016\/09\/Foto_video_960x520px.jpg?id=2055) !important;}&#8220;][vc_empty_space height=&#8220;900px&#8220;][\/vc_column][\/vc_row][vc_row full_width=&#8220;stretch_row&#8220; css=&#8220;.vc_custom_1492697030259{background-color: #58585a !important;}&#8220;][vc_column css=&#8220;.vc_custom_1493130532180{padding-top: 40px !important;padding-bottom: 40px !important;}&#8220;][cms_call_to_action link=&#8220;url:https%3A%2F%2Fwww.youtube.com%2Fuser%2Fgetrexnl|title:mehr%20sehen|target:%20_blank|&#8220; title=&#8220;M\u00f6chten Sie mehr Videos von unseren Anh\u00e4ngern und Containern sehen?&#8220;][\/vc_column][\/vc_row][vc_row full_width=&#8220;stretch_row&#8220; css_animation=&#8220;cms_animate fadeIn wow&#8220; float_to_top=&#8220;&#8220; row_custom_paralax=&#8220;&#8220; css=&#8220;.vc_custom_1492767225928{margin-bottom: 60px !important;padding-top: 30px !important;}&#8220;][vc_column css_animation=&#8220;cms_animate wow slideInLeft&#8220; width=&#8220;1\/2&#8243; css_animation_delay=&#8220;300ms&#8220; el_class=&#8220;full-left&#8220; offset=&#8220;vc_hidden-sm vc_hidden-xs&#8220;][vc_single_image image=&#8220;2057&#8243; img_size=&#8220;650&#215;435&#8243; alignment=&#8220;center&#8220; has_position=&#8220;&#8220;][\/vc_column][vc_column css=&#8220;.vc_custom_1477284964005{padding-top: 102px !important;padding-bottom: 110px !important;}&#8220; offset=&#8220;vc_col-lg-6 vc_col-md-6&#8243;][vc_custom_heading text=&#8220;DAS FLEXXBOX SYSTEM&#8220; use_theme_fonts=&#8220;yes&#8220; css_animation=&#8220;cms_animate zoomIn wow&#8220; show_border_bottom=&#8220;1&#8243; css=&#8220;.vc_custom_1493976580702{margin-bottom: 40px !important;}&#8220;]Diese neu Entwicklung betrifft einen Unit oder Container der sich selbst\u00e4ndig, also ohne Hilfsmittel, von das Chassis, bis auf den Boden stellen kann.<\/p>\n<p>Diese Neuentwicklung ist nicht nur f\u00fcr Auto und Motorsport, aber auch die Armee, Gesundheitswesen, Pferdetransport und Umz\u00fcgen.<\/p>\n<p>Sehen Sie Zeichnungen\u00a0oder Filmen auf diese Webseiten.[\/vc_custom_heading][\/vc_column][\/vc_row]<\/p>","protected":false},"excerpt":{"rendered":"<p>[vc_row full_width=&#8220;stretch_row_content_no_spaces&#8220;][vc_column][rev_slider_vc alias=&#8220;home-slider-de&#8220;][\/vc_column][\/vc_row][vc_row float_to_top=&#8220;&#8220; row_custom_paralax=&#8220;&#8220; css=&#8220;.vc_custom_1596465388078{padding-top: 45px !important;padding-bottom: 45px !important;}&#8220;][vc_column width=&#8220;1\/2&#8243;][vc_column_text] [\/vc_column_text][\/vc_column][vc_column width=&#8220;1\/2&#8243;][vc_column_text] [\/vc_column_text][\/vc_column][\/vc_row][vc_row float_to_top=&#8220;1&#8243; ftt_type=&#8220;sub60&#8243; width_1230=&#8220;true&#8220; row_custom_paralax=&#8220;&#8220; css=&#8220;.vc_custom_1596465407717{padding-bottom: 18px !important;background-color: #ffffff !important;}&#8220;][vc_column css_animation=&#8220;cms_animate fadeIn wow&#8220; css_animation_delay=&#8220;200ms&#8220; offset=&#8220;vc_col-lg-4 vc_col-md-4&#8243;][cms_fancybox_single fancy_style=&#8220;style-3&#8243; title_font_size_18=&#8220;1&#8243; image_size=&#8220;size2&#8243;<\/p>\n","protected":false},"author":1,"featured_media":0,"parent":0,"menu_order":0,"comment_status":"closed","ping_status":"closed","template":"","meta":{"_exactmetrics_skip_tracking":false,"_exactmetrics_sitenote_active":false,"_exactmetrics_sitenote_note":"","_exactmetrics_sitenote_category":0,"footnotes":""},"class_list":["post-112","page","type-page","status-publish","hentry"],"yoast_head":"<!-- This site is optimized with the Yoast SEO plugin v25.7 - https:\/\/yoast.com\/wordpress\/plugins\/seo\/ -->\n<title>Home - Getrex Special Products B.V.<\/title>\n<meta name=\"description\" content=\"hoogwaardige autotransporter, exclusieve voertuigen. High end car transporter. Renntransporter, exklusieve Fahrzeugen.\" \/>\n<meta name=\"robots\" content=\"index, follow, max-snippet:-1, max-image-preview:large, max-video-preview:-1\" \/>\n<link rel=\"canonical\" href=\"https:\/\/www.getrex.nl\/nl\/\" \/>\n<meta property=\"og:locale\" content=\"de_DE\" \/>\n<meta property=\"og:type\" content=\"article\" \/>\n<meta property=\"og:title\" content=\"Home - Getrex Special Products B.V.\" \/>\n<meta property=\"og:description\" content=\"hoogwaardige autotransporter, exclusieve voertuigen. High end car transporter. Renntransporter, exklusieve Fahrzeugen.\" \/>\n<meta property=\"og:url\" content=\"https:\/\/www.getrex.nl\/nl\/\" \/>\n<meta property=\"og:site_name\" content=\"Getrex Special Products B.V.\" \/>\n<meta property=\"article:modified_time\" content=\"2020-08-03T14:37:31+00:00\" \/>\n<meta name=\"twitter:card\" content=\"summary_large_image\" \/>\n<meta name=\"twitter:label1\" content=\"Gesch\u00e4tzte Lesezeit\" \/>\n\t<meta name=\"twitter:data1\" content=\"15\u00a0Minuten\" \/>\n<script type=\"application\/ld+json\" class=\"yoast-schema-graph\">{\"@context\":\"https:\/\/schema.org\",\"@graph\":[{\"@type\":\"WebPage\",\"@id\":\"https:\/\/www.getrex.nl\/nl\/\",\"url\":\"https:\/\/www.getrex.nl\/nl\/\",\"name\":\"Home - Getrex Special Products B.V.\",\"isPartOf\":{\"@id\":\"https:\/\/www.getrex.nl\/nl\/#website\"},\"datePublished\":\"2016-09-19T06:57:39+00:00\",\"dateModified\":\"2020-08-03T14:37:31+00:00\",\"description\":\"hoogwaardige autotransporter, exclusieve voertuigen. High end car transporter. Renntransporter, exklusieve Fahrzeugen.\",\"breadcrumb\":{\"@id\":\"https:\/\/www.getrex.nl\/nl\/#breadcrumb\"},\"inLanguage\":\"de\",\"potentialAction\":[{\"@type\":\"ReadAction\",\"target\":[\"https:\/\/www.getrex.nl\/nl\/\"]}]},{\"@type\":\"BreadcrumbList\",\"@id\":\"https:\/\/www.getrex.nl\/nl\/#breadcrumb\",\"itemListElement\":[{\"@type\":\"ListItem\",\"position\":1,\"name\":\"Home\",\"item\":\"https:\/\/www.getrex.nl\/nl\/\"},{\"@type\":\"ListItem\",\"position\":2,\"name\":\"Home\"}]},{\"@type\":\"WebSite\",\"@id\":\"https:\/\/www.getrex.nl\/nl\/#website\",\"url\":\"https:\/\/www.getrex.nl\/nl\/\",\"name\":\"Getrex Special Products B.V.\",\"description\":\"\",\"potentialAction\":[{\"@type\":\"SearchAction\",\"target\":{\"@type\":\"EntryPoint\",\"urlTemplate\":\"https:\/\/www.getrex.nl\/nl\/?s={search_term_string}\"},\"query-input\":{\"@type\":\"PropertyValueSpecification\",\"valueRequired\":true,\"valueName\":\"search_term_string\"}}],\"inLanguage\":\"de\"}]}<\/script>\n<!-- \/ Yoast SEO plugin. -->","yoast_head_json":{"title":"Home - Getrex Special Products B.V.","description":"hoogwaardige autotransporter, exclusieve voertuigen. High end car transporter. Renntransporter, exklusieve Fahrzeugen.","robots":{"index":"index","follow":"follow","max-snippet":"max-snippet:-1","max-image-preview":"max-image-preview:large","max-video-preview":"max-video-preview:-1"},"canonical":"https:\/\/www.getrex.nl\/nl\/","og_locale":"de_DE","og_type":"article","og_title":"Home - Getrex Special Products B.V.","og_description":"hoogwaardige autotransporter, exclusieve voertuigen. High end car transporter. Renntransporter, exklusieve Fahrzeugen.","og_url":"https:\/\/www.getrex.nl\/nl\/","og_site_name":"Getrex Special Products B.V.","article_modified_time":"2020-08-03T14:37:31+00:00","twitter_card":"summary_large_image","twitter_misc":{"Gesch\u00e4tzte Lesezeit":"15\u00a0Minuten"},"schema":{"@context":"https:\/\/schema.org","@graph":[{"@type":"WebPage","@id":"https:\/\/www.getrex.nl\/nl\/","url":"https:\/\/www.getrex.nl\/nl\/","name":"Home - Getrex Special Products B.V.","isPartOf":{"@id":"https:\/\/www.getrex.nl\/nl\/#website"},"datePublished":"2016-09-19T06:57:39+00:00","dateModified":"2020-08-03T14:37:31+00:00","description":"hoogwaardige autotransporter, exclusieve voertuigen. High end car transporter. Renntransporter, exklusieve Fahrzeugen.","breadcrumb":{"@id":"https:\/\/www.getrex.nl\/nl\/#breadcrumb"},"inLanguage":"de","potentialAction":[{"@type":"ReadAction","target":["https:\/\/www.getrex.nl\/nl\/"]}]},{"@type":"BreadcrumbList","@id":"https:\/\/www.getrex.nl\/nl\/#breadcrumb","itemListElement":[{"@type":"ListItem","position":1,"name":"Home","item":"https:\/\/www.getrex.nl\/nl\/"},{"@type":"ListItem","position":2,"name":"Home"}]},{"@type":"WebSite","@id":"https:\/\/www.getrex.nl\/nl\/#website","url":"https:\/\/www.getrex.nl\/nl\/","name":"Getrex Special Products B.V.","description":"","potentialAction":[{"@type":"SearchAction","target":{"@type":"EntryPoint","urlTemplate":"https:\/\/www.getrex.nl\/nl\/?s={search_term_string}"},"query-input":{"@type":"PropertyValueSpecification","valueRequired":true,"valueName":"search_term_string"}}],"inLanguage":"de"}]}},"_links":{"self":[{"href":"https:\/\/www.getrex.nl\/de\/wp-json\/wp\/v2\/pages\/112","targetHints":{"allow":["GET"]}}],"collection":[{"href":"https:\/\/www.getrex.nl\/de\/wp-json\/wp\/v2\/pages"}],"about":[{"href":"https:\/\/www.getrex.nl\/de\/wp-json\/wp\/v2\/types\/page"}],"author":[{"embeddable":true,"href":"https:\/\/www.getrex.nl\/de\/wp-json\/wp\/v2\/users\/1"}],"replies":[{"embeddable":true,"href":"https:\/\/www.getrex.nl\/de\/wp-json\/wp\/v2\/comments?post=112"}],"version-history":[{"count":155,"href":"https:\/\/www.getrex.nl\/de\/wp-json\/wp\/v2\/pages\/112\/revisions"}],"predecessor-version":[{"id":2818,"href":"https:\/\/www.getrex.nl\/de\/wp-json\/wp\/v2\/pages\/112\/revisions\/2818"}],"wp:attachment":[{"href":"https:\/\/www.getrex.nl\/de\/wp-json\/wp\/v2\/media?parent=112"}],"curies":[{"name":"wp","href":"https:\/\/api.w.org\/{rel}","templated":true}]}}