{"id":1650,"date":"2017-04-20T15:42:15","date_gmt":"2017-04-20T13:42:15","guid":{"rendered":"http:\/\/www.getrex.nl\/dev\/?page_id=1650"},"modified":"2017-05-05T11:34:10","modified_gmt":"2017-05-05T09:34:10","slug":"racetrailers-motorsport","status":"publish","type":"page","link":"https:\/\/www.getrex.nl\/de\/racetrailers-motorsport\/","title":{"rendered":"Renntransporter"},"content":{"rendered":"<p>[vc_row][vc_column width=&#8220;1\/2&#8243; css=&#8220;.vc_custom_1492763454209{padding-right: 40px !important;}&#8220;][vc_column_text]<\/p>\n<h2>Renntransporter nach Kundenwunsch<\/h2>\n<div class=\"contentElementContainer\">\n<p>Der Spezialist f\u00fcr hochwertige Auflieger, Anh\u00e4nger und Special Aufbauten.<\/p>\n<p>Getrex entwickelt und produziert Anh\u00e4nger f\u00fcr spezielle Anwendungen.<\/p>\n<ul>\n<li>Renntransporter f\u00fcr Motorsport<\/li>\n<li>Transport von Prototypen der Automobilindustrie<\/li>\n<li>Service Center Racing<\/li>\n<li>Catering Gro\u00dfveranstaltungen<\/li>\n<li>Medizinische Forschung vor Ort<\/li>\n<li>Events<\/li>\n<li>Private Aktivit\u00e4ten<\/li>\n<\/ul>\n<p>Unsere Anh\u00e4nger werden nach Kundenspezifikation und in \u00dcbereinstimmung mit den geltenden Leitlinien f\u00fcr Bestimmungsland hergestellt. Alle Versionen sind m\u00f6glich:<\/p>\n<ul>\n<li>Mit oder ohne separaten Aufenthaltsraum \/ Wohnabteil<\/li>\n<li>Dusche, K\u00fcche und Geschirrsp\u00fclmachine, Satelliten usw.<\/li>\n<li>Aggregaten<\/li>\n<li>Zweiten Ladenboden manuell oder voll Hydraulisch ferngesteuert<\/li>\n<li>Promotion Fahrzeugen<\/li>\n<li>\u00dcbertragungsfahrzeugen.<\/li>\n<\/ul>\n<p>FlexxBox\u00a0Hydraulischen Abstellcontainer:<\/p>\n<p>Dieser Container kann sich v\u00f6llig unabh\u00e4ngig von einem Standard-Container-Chassis automatisch funkfernbediend abstellen bis auf den Boden. Die Stufenh\u00f6he ist ca. 120 mm. F\u00fcr alle Produktbrosch\u00fcren sind auf Anfrage erh\u00e4ltlich.<\/p>\n<\/div>\n<p>[\/vc_column_text][\/vc_column][vc_column width=&#8220;1\/2&#8243; css=&#8220;.vc_custom_1492763459147{padding-left: 40px !important;}&#8220;][vc_column_text]Unsere Transporter werden nur nach Kundenwunsch entwickelt und gebaut. Sie bestimmen die genauen ma\u00dfen und Ausf\u00fchrung wie auch das Design. Sie k\u00f6nnen nicht nur w\u00e4hlen aus verschiedene T\u00fcren und Unterstaukisten, aber auch Ladeb\u00fchnen und Klimaanlagen bis an die R\u00fcckleuchten. Alles\u00a0nach Ihren Design![\/vc_column_text][vc_column_text css=&#8220;.vc_custom_1493976772938{padding-top: 40px !important;}&#8220;]<\/p>\n<h2>Einige Bilder von ausgelieferten Fahrzeugen<\/h2>\n<p>[\/vc_column_text][cms_gallery images=&#8220;1700,1701,1702&#8243; col_xs=&#8220;1&#8243; col_sm=&#8220;2&#8243; col_md=&#8220;3&#8243; col_lg=&#8220;3&#8243; cms_template=&#8220;cms_gallery.php&#8220; css=&#8220;.vc_custom_1492767355977{padding-top: 40px !important;}&#8220;][cms_call_to_action link=&#8220;url:http%3A%2F%2Fwww.getrex.nl%2Fdev%2Fportfolio%2F|title:mehr%20sehen||&#8220;][\/vc_column][\/vc_row]<\/p>","protected":false},"excerpt":{"rendered":"<p>[vc_row][vc_column width=&#8220;1\/2&#8243; css=&#8220;.vc_custom_1492763454209{padding-right: 40px !important;}&#8220;][vc_column_text] Renntransporter nach Kundenwunsch Der Spezialist f\u00fcr hochwertige Auflieger, Anh\u00e4nger und Special Aufbauten. Getrex entwickelt und produziert Anh\u00e4nger f\u00fcr spezielle Anwendungen. Renntransporter f\u00fcr Motorsport Transport von Prototypen der<\/p>\n","protected":false},"author":1,"featured_media":0,"parent":0,"menu_order":0,"comment_status":"closed","ping_status":"closed","template":"","meta":{"_exactmetrics_skip_tracking":false,"_exactmetrics_sitenote_active":false,"_exactmetrics_sitenote_note":"","_exactmetrics_sitenote_category":0,"footnotes":""},"class_list":["post-1650","page","type-page","status-publish","hentry"],"yoast_head":"<!-- This site is optimized with the Yoast SEO plugin v25.7 - https:\/\/yoast.com\/wordpress\/plugins\/seo\/ -->\n<title>Renntransporter - Getrex Special Products B.V.<\/title>\n<meta name=\"robots\" content=\"index, follow, max-snippet:-1, max-image-preview:large, max-video-preview:-1\" \/>\n<link rel=\"canonical\" href=\"https:\/\/www.getrex.nl\/en\/racetrailers-motorsport\/\" \/>\n<meta property=\"og:locale\" content=\"de_DE\" \/>\n<meta property=\"og:type\" content=\"article\" \/>\n<meta property=\"og:title\" content=\"Renntransporter - Getrex Special Products B.V.\" \/>\n<meta property=\"og:description\" content=\"[vc_row][vc_column width=&#8220;1\/2&#8243; css=&#8220;.vc_custom_1492763454209{padding-right: 40px !important;}&#8220;][vc_column_text] Renntransporter nach Kundenwunsch Der Spezialist f\u00fcr hochwertige Auflieger, Anh\u00e4nger und Special Aufbauten. Getrex entwickelt und produziert Anh\u00e4nger f\u00fcr spezielle Anwendungen. Renntransporter f\u00fcr Motorsport Transport von Prototypen der\" \/>\n<meta property=\"og:url\" content=\"https:\/\/www.getrex.nl\/en\/racetrailers-motorsport\/\" \/>\n<meta property=\"og:site_name\" content=\"Getrex Special Products B.V.\" \/>\n<meta property=\"article:modified_time\" content=\"2017-05-05T09:34:10+00:00\" \/>\n<meta name=\"twitter:card\" content=\"summary_large_image\" \/>\n<meta name=\"twitter:label1\" content=\"Gesch\u00e4tzte Lesezeit\" \/>\n\t<meta name=\"twitter:data1\" content=\"4\u00a0Minuten\" \/>\n<script type=\"application\/ld+json\" class=\"yoast-schema-graph\">{\"@context\":\"https:\/\/schema.org\",\"@graph\":[{\"@type\":\"WebPage\",\"@id\":\"https:\/\/www.getrex.nl\/en\/racetrailers-motorsport\/\",\"url\":\"https:\/\/www.getrex.nl\/en\/racetrailers-motorsport\/\",\"name\":\"Renntransporter - Getrex Special Products B.V.\",\"isPartOf\":{\"@id\":\"https:\/\/www.getrex.nl\/nl\/#website\"},\"datePublished\":\"2017-04-20T13:42:15+00:00\",\"dateModified\":\"2017-05-05T09:34:10+00:00\",\"breadcrumb\":{\"@id\":\"https:\/\/www.getrex.nl\/en\/racetrailers-motorsport\/#breadcrumb\"},\"inLanguage\":\"de\",\"potentialAction\":[{\"@type\":\"ReadAction\",\"target\":[\"https:\/\/www.getrex.nl\/en\/racetrailers-motorsport\/\"]}]},{\"@type\":\"BreadcrumbList\",\"@id\":\"https:\/\/www.getrex.nl\/en\/racetrailers-motorsport\/#breadcrumb\",\"itemListElement\":[{\"@type\":\"ListItem\",\"position\":1,\"name\":\"Home\",\"item\":\"https:\/\/www.getrex.nl\/nl\/\"},{\"@type\":\"ListItem\",\"position\":2,\"name\":\"Racetrailers Motorsport\"}]},{\"@type\":\"WebSite\",\"@id\":\"https:\/\/www.getrex.nl\/nl\/#website\",\"url\":\"https:\/\/www.getrex.nl\/nl\/\",\"name\":\"Getrex Special Products B.V.\",\"description\":\"\",\"potentialAction\":[{\"@type\":\"SearchAction\",\"target\":{\"@type\":\"EntryPoint\",\"urlTemplate\":\"https:\/\/www.getrex.nl\/nl\/?s={search_term_string}\"},\"query-input\":{\"@type\":\"PropertyValueSpecification\",\"valueRequired\":true,\"valueName\":\"search_term_string\"}}],\"inLanguage\":\"de\"}]}<\/script>\n<!-- \/ Yoast SEO plugin. -->","yoast_head_json":{"title":"Renntransporter - Getrex Special Products B.V.","robots":{"index":"index","follow":"follow","max-snippet":"max-snippet:-1","max-image-preview":"max-image-preview:large","max-video-preview":"max-video-preview:-1"},"canonical":"https:\/\/www.getrex.nl\/en\/racetrailers-motorsport\/","og_locale":"de_DE","og_type":"article","og_title":"Renntransporter - Getrex Special Products B.V.","og_description":"[vc_row][vc_column width=&#8220;1\/2&#8243; css=&#8220;.vc_custom_1492763454209{padding-right: 40px !important;}&#8220;][vc_column_text] Renntransporter nach Kundenwunsch Der Spezialist f\u00fcr hochwertige Auflieger, Anh\u00e4nger und Special Aufbauten. Getrex entwickelt und produziert Anh\u00e4nger f\u00fcr spezielle Anwendungen. Renntransporter f\u00fcr Motorsport Transport von Prototypen der","og_url":"https:\/\/www.getrex.nl\/en\/racetrailers-motorsport\/","og_site_name":"Getrex Special Products B.V.","article_modified_time":"2017-05-05T09:34:10+00:00","twitter_card":"summary_large_image","twitter_misc":{"Gesch\u00e4tzte Lesezeit":"4\u00a0Minuten"},"schema":{"@context":"https:\/\/schema.org","@graph":[{"@type":"WebPage","@id":"https:\/\/www.getrex.nl\/en\/racetrailers-motorsport\/","url":"https:\/\/www.getrex.nl\/en\/racetrailers-motorsport\/","name":"Renntransporter - Getrex Special Products B.V.","isPartOf":{"@id":"https:\/\/www.getrex.nl\/nl\/#website"},"datePublished":"2017-04-20T13:42:15+00:00","dateModified":"2017-05-05T09:34:10+00:00","breadcrumb":{"@id":"https:\/\/www.getrex.nl\/en\/racetrailers-motorsport\/#breadcrumb"},"inLanguage":"de","potentialAction":[{"@type":"ReadAction","target":["https:\/\/www.getrex.nl\/en\/racetrailers-motorsport\/"]}]},{"@type":"BreadcrumbList","@id":"https:\/\/www.getrex.nl\/en\/racetrailers-motorsport\/#breadcrumb","itemListElement":[{"@type":"ListItem","position":1,"name":"Home","item":"https:\/\/www.getrex.nl\/nl\/"},{"@type":"ListItem","position":2,"name":"Racetrailers Motorsport"}]},{"@type":"WebSite","@id":"https:\/\/www.getrex.nl\/nl\/#website","url":"https:\/\/www.getrex.nl\/nl\/","name":"Getrex Special Products B.V.","description":"","potentialAction":[{"@type":"SearchAction","target":{"@type":"EntryPoint","urlTemplate":"https:\/\/www.getrex.nl\/nl\/?s={search_term_string}"},"query-input":{"@type":"PropertyValueSpecification","valueRequired":true,"valueName":"search_term_string"}}],"inLanguage":"de"}]}},"_links":{"self":[{"href":"https:\/\/www.getrex.nl\/de\/wp-json\/wp\/v2\/pages\/1650","targetHints":{"allow":["GET"]}}],"collection":[{"href":"https:\/\/www.getrex.nl\/de\/wp-json\/wp\/v2\/pages"}],"about":[{"href":"https:\/\/www.getrex.nl\/de\/wp-json\/wp\/v2\/types\/page"}],"author":[{"embeddable":true,"href":"https:\/\/www.getrex.nl\/de\/wp-json\/wp\/v2\/users\/1"}],"replies":[{"embeddable":true,"href":"https:\/\/www.getrex.nl\/de\/wp-json\/wp\/v2\/comments?post=1650"}],"version-history":[{"count":39,"href":"https:\/\/www.getrex.nl\/de\/wp-json\/wp\/v2\/pages\/1650\/revisions"}],"predecessor-version":[{"id":2511,"href":"https:\/\/www.getrex.nl\/de\/wp-json\/wp\/v2\/pages\/1650\/revisions\/2511"}],"wp:attachment":[{"href":"https:\/\/www.getrex.nl\/de\/wp-json\/wp\/v2\/media?parent=1650"}],"curies":[{"name":"wp","href":"https:\/\/api.w.org\/{rel}","templated":true}]}}