{"id":1654,"date":"2017-04-20T15:42:52","date_gmt":"2017-04-20T13:42:52","guid":{"rendered":"http:\/\/www.getrex.nl\/dev\/?page_id=1654"},"modified":"2017-05-05T11:43:11","modified_gmt":"2017-05-05T09:43:11","slug":"hydraulische-vloeren","status":"publish","type":"page","link":"https:\/\/www.getrex.nl\/de\/hydraulische-vloeren\/","title":{"rendered":"Hydraulische B\u00f6den"},"content":{"rendered":"<p>[vc_row][vc_column width=&#8220;1\/2&#8243; css=&#8220;.vc_custom_1492763454209{padding-right: 40px !important;}&#8220;][vc_column_text]<\/p>\n<h2>Hydraulische B\u00f6den<\/h2>\n<div class=\"contentElementContainer\">\n<p>Wir liefern verschieden Typen von hydraulischen B\u00f6den. Voll hydraulisch oder hydraulische kombiniert mit Stahlseilen.<br \/>\nUnsere patentierten GFHF B\u00f6den sind nicht nur in der H\u00f6he verstellbar, sondern k\u00f6nnen auch neigen, stufenlos und radiografisch. Die B\u00f6den k\u00f6nnen ab 30 mm Dicke geliefert werden, nat\u00fcrlich abh\u00e4ngig von der Tragkraft.<\/p>\n<p>Die kombinierten B\u00f6den, hydraulisch mit Stahlseilen, k\u00f6nnen nicht neigen und sind auch nicht stufenlos verstellbar. Sie k\u00f6nnen daf\u00fcr bis unter das Dach hochgefahren werden. Also ein normalen hydraulischen Boden.<br \/>\nAlle B\u00f6den werden den speziellen W\u00fcnschen des Kunden gerecht.<\/p>\n<\/div>\n<h2>GFHG System<\/h2>\n<p>Wir haben nach Angaben von unseren Kunden neue \u00a0voll hydraulischen B\u00f6den entwickelt. Diese B\u00f6den haben einige Vorteile gegen\u00fcber \u201enormalen&#8220; Hydraulischen B\u00f6den. Das System funktioniert Stufenlos, sehr D\u00fcnnen B\u00f6den und sehr leichte Konstruktion aus Aluminium. Auch braucht dieses System ganz wenig Wartung[\/vc_column_text][\/vc_column][vc_column width=&#8220;1\/2&#8243; css=&#8220;.vc_custom_1492763459147{padding-left: 40px !important;}&#8220;][vc_column_text]<\/p>\n<h2>Klassische hydraulische B\u00f6den<\/h2>\n<div class=\"contentElementContainer\">\n<p>Auch produzieren wir nach Kundenwunsch &#8222;normalen&#8220; oder klassische hydraulische B\u00f6den . Dieses System hat ein integrierten Zylinder in die B\u00f6den oder im Chassis. Die Bewegung wird \u00fcber Kabel weitergeleitet. Diese B\u00f6den haben das Vorteil das der Hub gr\u00f6sser ist als eine GFHF Boden. Die B\u00f6den sind aber dicker und k\u00f6nnen nicht neigen. Auch kann man diese nicht stufenlos verstellen.<\/p>\n<\/div>\n<p>[\/vc_column_text][vc_column_text css=&#8220;.vc_custom_1493977366851{padding-top: 40px !important;}&#8220;]<\/p>\n<h2>Einige Bilder von\u00a0Hydraulische B\u00f6den<\/h2>\n<p>[\/vc_column_text][cms_gallery images=&#8220;1741,1742,1743&#8243; col_xs=&#8220;1&#8243; col_sm=&#8220;2&#8243; col_md=&#8220;3&#8243; col_lg=&#8220;3&#8243; cms_template=&#8220;cms_gallery.php&#8220; css=&#8220;.vc_custom_1492768431402{padding-top: 40px !important;}&#8220;][cms_call_to_action link=&#8220;url:http%3A%2F%2Fwww.getrex.nl%2Fdev%2Fportfolio%2F|title:mehr%20sehen||&#8220;][\/vc_column][\/vc_row]<\/p>","protected":false},"excerpt":{"rendered":"<p>[vc_row][vc_column width=&#8220;1\/2&#8243; css=&#8220;.vc_custom_1492763454209{padding-right: 40px !important;}&#8220;][vc_column_text] Hydraulische B\u00f6den Wir liefern verschieden Typen von hydraulischen B\u00f6den. Voll hydraulisch oder hydraulische kombiniert mit Stahlseilen. Unsere patentierten GFHF B\u00f6den sind nicht nur in der H\u00f6he verstellbar,<\/p>\n","protected":false},"author":1,"featured_media":0,"parent":0,"menu_order":0,"comment_status":"closed","ping_status":"closed","template":"","meta":{"_exactmetrics_skip_tracking":false,"_exactmetrics_sitenote_active":false,"_exactmetrics_sitenote_note":"","_exactmetrics_sitenote_category":0,"footnotes":""},"class_list":["post-1654","page","type-page","status-publish","hentry"],"yoast_head":"<!-- This site is optimized with the Yoast SEO plugin v25.7 - https:\/\/yoast.com\/wordpress\/plugins\/seo\/ -->\n<title>Hydraulische B\u00f6den - Getrex Special Products B.V.<\/title>\n<meta name=\"robots\" content=\"index, follow, max-snippet:-1, max-image-preview:large, max-video-preview:-1\" \/>\n<link rel=\"canonical\" href=\"https:\/\/www.getrex.nl\/en\/hydraulische-vloeren\/\" \/>\n<meta property=\"og:locale\" content=\"de_DE\" \/>\n<meta property=\"og:type\" content=\"article\" \/>\n<meta property=\"og:title\" content=\"Hydraulische B\u00f6den - Getrex Special Products B.V.\" \/>\n<meta property=\"og:description\" content=\"[vc_row][vc_column width=&#8220;1\/2&#8243; css=&#8220;.vc_custom_1492763454209{padding-right: 40px !important;}&#8220;][vc_column_text] Hydraulische B\u00f6den Wir liefern verschieden Typen von hydraulischen B\u00f6den. Voll hydraulisch oder hydraulische kombiniert mit Stahlseilen. Unsere patentierten GFHF B\u00f6den sind nicht nur in der H\u00f6he verstellbar,\" \/>\n<meta property=\"og:url\" content=\"https:\/\/www.getrex.nl\/en\/hydraulische-vloeren\/\" \/>\n<meta property=\"og:site_name\" content=\"Getrex Special Products B.V.\" \/>\n<meta property=\"article:modified_time\" content=\"2017-05-05T09:43:11+00:00\" \/>\n<meta name=\"twitter:card\" content=\"summary_large_image\" \/>\n<meta name=\"twitter:label1\" content=\"Gesch\u00e4tzte Lesezeit\" \/>\n\t<meta name=\"twitter:data1\" content=\"5\u00a0Minuten\" \/>\n<script type=\"application\/ld+json\" class=\"yoast-schema-graph\">{\"@context\":\"https:\/\/schema.org\",\"@graph\":[{\"@type\":\"WebPage\",\"@id\":\"https:\/\/www.getrex.nl\/en\/hydraulische-vloeren\/\",\"url\":\"https:\/\/www.getrex.nl\/en\/hydraulische-vloeren\/\",\"name\":\"Hydraulische B\u00f6den - Getrex Special Products B.V.\",\"isPartOf\":{\"@id\":\"https:\/\/www.getrex.nl\/nl\/#website\"},\"datePublished\":\"2017-04-20T13:42:52+00:00\",\"dateModified\":\"2017-05-05T09:43:11+00:00\",\"breadcrumb\":{\"@id\":\"https:\/\/www.getrex.nl\/en\/hydraulische-vloeren\/#breadcrumb\"},\"inLanguage\":\"de\",\"potentialAction\":[{\"@type\":\"ReadAction\",\"target\":[\"https:\/\/www.getrex.nl\/en\/hydraulische-vloeren\/\"]}]},{\"@type\":\"BreadcrumbList\",\"@id\":\"https:\/\/www.getrex.nl\/en\/hydraulische-vloeren\/#breadcrumb\",\"itemListElement\":[{\"@type\":\"ListItem\",\"position\":1,\"name\":\"Home\",\"item\":\"https:\/\/www.getrex.nl\/nl\/\"},{\"@type\":\"ListItem\",\"position\":2,\"name\":\"Hydraulic Floors\"}]},{\"@type\":\"WebSite\",\"@id\":\"https:\/\/www.getrex.nl\/nl\/#website\",\"url\":\"https:\/\/www.getrex.nl\/nl\/\",\"name\":\"Getrex Special Products B.V.\",\"description\":\"\",\"potentialAction\":[{\"@type\":\"SearchAction\",\"target\":{\"@type\":\"EntryPoint\",\"urlTemplate\":\"https:\/\/www.getrex.nl\/nl\/?s={search_term_string}\"},\"query-input\":{\"@type\":\"PropertyValueSpecification\",\"valueRequired\":true,\"valueName\":\"search_term_string\"}}],\"inLanguage\":\"de\"}]}<\/script>\n<!-- \/ Yoast SEO plugin. -->","yoast_head_json":{"title":"Hydraulische B\u00f6den - Getrex Special Products B.V.","robots":{"index":"index","follow":"follow","max-snippet":"max-snippet:-1","max-image-preview":"max-image-preview:large","max-video-preview":"max-video-preview:-1"},"canonical":"https:\/\/www.getrex.nl\/en\/hydraulische-vloeren\/","og_locale":"de_DE","og_type":"article","og_title":"Hydraulische B\u00f6den - Getrex Special Products B.V.","og_description":"[vc_row][vc_column width=&#8220;1\/2&#8243; css=&#8220;.vc_custom_1492763454209{padding-right: 40px !important;}&#8220;][vc_column_text] Hydraulische B\u00f6den Wir liefern verschieden Typen von hydraulischen B\u00f6den. Voll hydraulisch oder hydraulische kombiniert mit Stahlseilen. Unsere patentierten GFHF B\u00f6den sind nicht nur in der H\u00f6he verstellbar,","og_url":"https:\/\/www.getrex.nl\/en\/hydraulische-vloeren\/","og_site_name":"Getrex Special Products B.V.","article_modified_time":"2017-05-05T09:43:11+00:00","twitter_card":"summary_large_image","twitter_misc":{"Gesch\u00e4tzte Lesezeit":"5\u00a0Minuten"},"schema":{"@context":"https:\/\/schema.org","@graph":[{"@type":"WebPage","@id":"https:\/\/www.getrex.nl\/en\/hydraulische-vloeren\/","url":"https:\/\/www.getrex.nl\/en\/hydraulische-vloeren\/","name":"Hydraulische B\u00f6den - Getrex Special Products B.V.","isPartOf":{"@id":"https:\/\/www.getrex.nl\/nl\/#website"},"datePublished":"2017-04-20T13:42:52+00:00","dateModified":"2017-05-05T09:43:11+00:00","breadcrumb":{"@id":"https:\/\/www.getrex.nl\/en\/hydraulische-vloeren\/#breadcrumb"},"inLanguage":"de","potentialAction":[{"@type":"ReadAction","target":["https:\/\/www.getrex.nl\/en\/hydraulische-vloeren\/"]}]},{"@type":"BreadcrumbList","@id":"https:\/\/www.getrex.nl\/en\/hydraulische-vloeren\/#breadcrumb","itemListElement":[{"@type":"ListItem","position":1,"name":"Home","item":"https:\/\/www.getrex.nl\/nl\/"},{"@type":"ListItem","position":2,"name":"Hydraulic Floors"}]},{"@type":"WebSite","@id":"https:\/\/www.getrex.nl\/nl\/#website","url":"https:\/\/www.getrex.nl\/nl\/","name":"Getrex Special Products B.V.","description":"","potentialAction":[{"@type":"SearchAction","target":{"@type":"EntryPoint","urlTemplate":"https:\/\/www.getrex.nl\/nl\/?s={search_term_string}"},"query-input":{"@type":"PropertyValueSpecification","valueRequired":true,"valueName":"search_term_string"}}],"inLanguage":"de"}]}},"_links":{"self":[{"href":"https:\/\/www.getrex.nl\/de\/wp-json\/wp\/v2\/pages\/1654","targetHints":{"allow":["GET"]}}],"collection":[{"href":"https:\/\/www.getrex.nl\/de\/wp-json\/wp\/v2\/pages"}],"about":[{"href":"https:\/\/www.getrex.nl\/de\/wp-json\/wp\/v2\/types\/page"}],"author":[{"embeddable":true,"href":"https:\/\/www.getrex.nl\/de\/wp-json\/wp\/v2\/users\/1"}],"replies":[{"embeddable":true,"href":"https:\/\/www.getrex.nl\/de\/wp-json\/wp\/v2\/comments?post=1654"}],"version-history":[{"count":22,"href":"https:\/\/www.getrex.nl\/de\/wp-json\/wp\/v2\/pages\/1654\/revisions"}],"predecessor-version":[{"id":2516,"href":"https:\/\/www.getrex.nl\/de\/wp-json\/wp\/v2\/pages\/1654\/revisions\/2516"}],"wp:attachment":[{"href":"https:\/\/www.getrex.nl\/de\/wp-json\/wp\/v2\/media?parent=1654"}],"curies":[{"name":"wp","href":"https:\/\/api.w.org\/{rel}","templated":true}]}}