{"id":1656,"date":"2017-04-20T15:43:11","date_gmt":"2017-04-20T13:43:11","guid":{"rendered":"http:\/\/www.getrex.nl\/dev\/?page_id=1656"},"modified":"2017-05-05T11:46:53","modified_gmt":"2017-05-05T09:46:53","slug":"flexxbox-containers","status":"publish","type":"page","link":"https:\/\/www.getrex.nl\/de\/flexxbox-containers\/","title":{"rendered":"FleXXbox Containers"},"content":{"rendered":"<p>[vc_row][vc_column width=&#8220;1\/2&#8243; css=&#8220;.vc_custom_1492763454209{padding-right: 40px !important;}&#8220;][vc_column_text]<\/p>\n<h2>GSPU &#8211; FleXXBox<\/h2>\n<div class=\"contentElementContainer\">\n<p>Unsere neueste Entwicklung, die sich Nivellieren kann und Be-und Entladen, ohne Kran oder Gabelstapler. Andere Versionen sind selbstverst\u00e4ndlich auf Anfrage. Diese Units verf\u00fcgen \u00fcber Twist-Lock-Anschl\u00fcsse und passen in auf jedes normale Fahrgestel f\u00fcr Container. Auch in einer Version mit (angetriebenen) R\u00e4der mit Fernbedienung.<\/p>\n<\/div>\n<p>[\/vc_column_text][cms_gallery images=&#8220;2092,2093,2094,2095,2078,2096,2097,2101,2079,2098,2099,2100,2080,2081,2082,2083,2084,2085,2086,2087,2088,2089,2090,2091&#8243; col_xs=&#8220;1&#8243; col_sm=&#8220;2&#8243; col_md=&#8220;3&#8243; col_lg=&#8220;3&#8243; cms_template=&#8220;cms_gallery.php&#8220; css=&#8220;.vc_custom_1493715035192{padding-top: 40px !important;}&#8220;][cms_call_to_action link=&#8220;url:http%3A%2F%2Fwww.getrex.nl%2Fdev%2Fportfolio%2F|title:mehr%20sehen||&#8220;][vc_column_text]<\/p>\n<h2>Drawings<\/h2>\n<p>Diese neu Entwicklung wird Endes des Jahres auf den Markt pr\u00e4sentiert werden. Es betrifft einen Unit oder Container der sich selbst\u00e4ndig, also ohne Hilfsmittel, von das Chassis, bis auf den Boden stellen kann. Diese Neuentwicklung ist nicht nur f\u00fcr Auto und Motorsport, aber auch die Armee, Gesundheitswesen, Pferdetransport und Umz\u00fcgen.[\/vc_column_text][cms_gallery images=&#8220;2108,2109,2110,2111,2112,2113,2104,2115,2105,2106,2107,2114&#8243; col_xs=&#8220;1&#8243; col_sm=&#8220;2&#8243; col_md=&#8220;3&#8243; col_lg=&#8220;3&#8243; cms_template=&#8220;cms_gallery.php&#8220; css=&#8220;.vc_custom_1493715138345{padding-top: 40px !important;}&#8220;][cms_call_to_action link=&#8220;url:http%3A%2F%2Fwww.getrex.nl%2Fdev%2Fportfolio%2F|title:mehr%20sehen||&#8220;][\/vc_column][vc_column width=&#8220;1\/2&#8243; css=&#8220;.vc_custom_1492763459147{padding-left: 40px !important;}&#8220;][vc_video link=&#8220;https:\/\/www.youtube.com\/watch?v=Hj4ZRzoXqr8&#8243; title=&#8220;FleXXBox Dennis Geraerts&#8220;][vc_video link=&#8220;https:\/\/www.youtube.com\/watch?v=AvUUcAOrYLY&#8220; title=&#8220;FleXXBox Film 1&#8243; css=&#8220;.vc_custom_1492769270951{margin-top: 60px !important;margin-bottom: 60px !important;}&#8220;][vc_video link=&#8220;https:\/\/www.youtube.com\/watch?v=pRQhxfuOn84&#8243; title=&#8220;FleXXBox Film 2&#8243;][\/vc_column][\/vc_row]<\/p>","protected":false},"excerpt":{"rendered":"<p>[vc_row][vc_column width=&#8220;1\/2&#8243; css=&#8220;.vc_custom_1492763454209{padding-right: 40px !important;}&#8220;][vc_column_text] GSPU &#8211; FleXXBox Unsere neueste Entwicklung, die sich Nivellieren kann und Be-und Entladen, ohne Kran oder Gabelstapler. Andere Versionen sind selbstverst\u00e4ndlich auf Anfrage. Diese Units verf\u00fcgen \u00fcber<\/p>\n","protected":false},"author":1,"featured_media":0,"parent":0,"menu_order":0,"comment_status":"closed","ping_status":"closed","template":"","meta":{"_exactmetrics_skip_tracking":false,"_exactmetrics_sitenote_active":false,"_exactmetrics_sitenote_note":"","_exactmetrics_sitenote_category":0,"footnotes":""},"class_list":["post-1656","page","type-page","status-publish","hentry"],"yoast_head":"<!-- This site is optimized with the Yoast SEO plugin v25.7 - https:\/\/yoast.com\/wordpress\/plugins\/seo\/ -->\n<title>FleXXbox Containers - Getrex Special Products B.V.<\/title>\n<meta name=\"robots\" content=\"index, follow, max-snippet:-1, max-image-preview:large, max-video-preview:-1\" \/>\n<link rel=\"canonical\" href=\"https:\/\/www.getrex.nl\/flexxbox-containers\/\" \/>\n<meta property=\"og:locale\" content=\"de_DE\" \/>\n<meta property=\"og:type\" content=\"article\" \/>\n<meta property=\"og:title\" content=\"FleXXbox Containers - Getrex Special Products B.V.\" \/>\n<meta property=\"og:description\" content=\"[vc_row][vc_column width=&#8220;1\/2&#8243; css=&#8220;.vc_custom_1492763454209{padding-right: 40px !important;}&#8220;][vc_column_text] GSPU &#8211; FleXXBox Unsere neueste Entwicklung, die sich Nivellieren kann und Be-und Entladen, ohne Kran oder Gabelstapler. Andere Versionen sind selbstverst\u00e4ndlich auf Anfrage. Diese Units verf\u00fcgen \u00fcber\" \/>\n<meta property=\"og:url\" content=\"https:\/\/www.getrex.nl\/flexxbox-containers\/\" \/>\n<meta property=\"og:site_name\" content=\"Getrex Special Products B.V.\" \/>\n<meta property=\"article:modified_time\" content=\"2017-05-05T09:46:53+00:00\" \/>\n<meta name=\"twitter:card\" content=\"summary_large_image\" \/>\n<meta name=\"twitter:label1\" content=\"Gesch\u00e4tzte Lesezeit\" \/>\n\t<meta name=\"twitter:data1\" content=\"4\u00a0Minuten\" \/>\n<script type=\"application\/ld+json\" class=\"yoast-schema-graph\">{\"@context\":\"https:\/\/schema.org\",\"@graph\":[{\"@type\":\"WebPage\",\"@id\":\"https:\/\/www.getrex.nl\/flexxbox-containers\/\",\"url\":\"https:\/\/www.getrex.nl\/flexxbox-containers\/\",\"name\":\"FleXXbox Containers - Getrex Special Products B.V.\",\"isPartOf\":{\"@id\":\"https:\/\/www.getrex.nl\/nl\/#website\"},\"datePublished\":\"2017-04-20T13:43:11+00:00\",\"dateModified\":\"2017-05-05T09:46:53+00:00\",\"breadcrumb\":{\"@id\":\"https:\/\/www.getrex.nl\/flexxbox-containers\/#breadcrumb\"},\"inLanguage\":\"de\",\"potentialAction\":[{\"@type\":\"ReadAction\",\"target\":[\"https:\/\/www.getrex.nl\/flexxbox-containers\/\"]}]},{\"@type\":\"BreadcrumbList\",\"@id\":\"https:\/\/www.getrex.nl\/flexxbox-containers\/#breadcrumb\",\"itemListElement\":[{\"@type\":\"ListItem\",\"position\":1,\"name\":\"Home\",\"item\":\"https:\/\/www.getrex.nl\/nl\/\"},{\"@type\":\"ListItem\",\"position\":2,\"name\":\"FleXXbox Containers\"}]},{\"@type\":\"WebSite\",\"@id\":\"https:\/\/www.getrex.nl\/nl\/#website\",\"url\":\"https:\/\/www.getrex.nl\/nl\/\",\"name\":\"Getrex Special Products B.V.\",\"description\":\"\",\"potentialAction\":[{\"@type\":\"SearchAction\",\"target\":{\"@type\":\"EntryPoint\",\"urlTemplate\":\"https:\/\/www.getrex.nl\/nl\/?s={search_term_string}\"},\"query-input\":{\"@type\":\"PropertyValueSpecification\",\"valueRequired\":true,\"valueName\":\"search_term_string\"}}],\"inLanguage\":\"de\"}]}<\/script>\n<!-- \/ Yoast SEO plugin. -->","yoast_head_json":{"title":"FleXXbox Containers - Getrex Special Products B.V.","robots":{"index":"index","follow":"follow","max-snippet":"max-snippet:-1","max-image-preview":"max-image-preview:large","max-video-preview":"max-video-preview:-1"},"canonical":"https:\/\/www.getrex.nl\/flexxbox-containers\/","og_locale":"de_DE","og_type":"article","og_title":"FleXXbox Containers - Getrex Special Products B.V.","og_description":"[vc_row][vc_column width=&#8220;1\/2&#8243; css=&#8220;.vc_custom_1492763454209{padding-right: 40px !important;}&#8220;][vc_column_text] GSPU &#8211; FleXXBox Unsere neueste Entwicklung, die sich Nivellieren kann und Be-und Entladen, ohne Kran oder Gabelstapler. Andere Versionen sind selbstverst\u00e4ndlich auf Anfrage. Diese Units verf\u00fcgen \u00fcber","og_url":"https:\/\/www.getrex.nl\/flexxbox-containers\/","og_site_name":"Getrex Special Products B.V.","article_modified_time":"2017-05-05T09:46:53+00:00","twitter_card":"summary_large_image","twitter_misc":{"Gesch\u00e4tzte Lesezeit":"4\u00a0Minuten"},"schema":{"@context":"https:\/\/schema.org","@graph":[{"@type":"WebPage","@id":"https:\/\/www.getrex.nl\/flexxbox-containers\/","url":"https:\/\/www.getrex.nl\/flexxbox-containers\/","name":"FleXXbox Containers - Getrex Special Products B.V.","isPartOf":{"@id":"https:\/\/www.getrex.nl\/nl\/#website"},"datePublished":"2017-04-20T13:43:11+00:00","dateModified":"2017-05-05T09:46:53+00:00","breadcrumb":{"@id":"https:\/\/www.getrex.nl\/flexxbox-containers\/#breadcrumb"},"inLanguage":"de","potentialAction":[{"@type":"ReadAction","target":["https:\/\/www.getrex.nl\/flexxbox-containers\/"]}]},{"@type":"BreadcrumbList","@id":"https:\/\/www.getrex.nl\/flexxbox-containers\/#breadcrumb","itemListElement":[{"@type":"ListItem","position":1,"name":"Home","item":"https:\/\/www.getrex.nl\/nl\/"},{"@type":"ListItem","position":2,"name":"FleXXbox Containers"}]},{"@type":"WebSite","@id":"https:\/\/www.getrex.nl\/nl\/#website","url":"https:\/\/www.getrex.nl\/nl\/","name":"Getrex Special Products B.V.","description":"","potentialAction":[{"@type":"SearchAction","target":{"@type":"EntryPoint","urlTemplate":"https:\/\/www.getrex.nl\/nl\/?s={search_term_string}"},"query-input":{"@type":"PropertyValueSpecification","valueRequired":true,"valueName":"search_term_string"}}],"inLanguage":"de"}]}},"_links":{"self":[{"href":"https:\/\/www.getrex.nl\/de\/wp-json\/wp\/v2\/pages\/1656","targetHints":{"allow":["GET"]}}],"collection":[{"href":"https:\/\/www.getrex.nl\/de\/wp-json\/wp\/v2\/pages"}],"about":[{"href":"https:\/\/www.getrex.nl\/de\/wp-json\/wp\/v2\/types\/page"}],"author":[{"embeddable":true,"href":"https:\/\/www.getrex.nl\/de\/wp-json\/wp\/v2\/users\/1"}],"replies":[{"embeddable":true,"href":"https:\/\/www.getrex.nl\/de\/wp-json\/wp\/v2\/comments?post=1656"}],"version-history":[{"count":24,"href":"https:\/\/www.getrex.nl\/de\/wp-json\/wp\/v2\/pages\/1656\/revisions"}],"predecessor-version":[{"id":2518,"href":"https:\/\/www.getrex.nl\/de\/wp-json\/wp\/v2\/pages\/1656\/revisions\/2518"}],"wp:attachment":[{"href":"https:\/\/www.getrex.nl\/de\/wp-json\/wp\/v2\/media?parent=1656"}],"curies":[{"name":"wp","href":"https:\/\/api.w.org\/{rel}","templated":true}]}}