{"id":2065,"date":"2017-05-02T09:05:30","date_gmt":"2017-05-02T07:05:30","guid":{"rendered":"http:\/\/www.getrex.nl\/dev\/?page_id=2065"},"modified":"2021-09-22T13:27:21","modified_gmt":"2021-09-22T11:27:21","slug":"speciaalbouw","status":"publish","type":"page","link":"https:\/\/www.getrex.nl\/de\/speciaalbouw\/","title":{"rendered":"Spezialkonstruktionen"},"content":{"rendered":"<p>[vc_row][vc_column css=&#8220;.vc_custom_1492763454209{padding-right: 40px !important;}&#8220;][vc_column_text css=&#8220;.vc_custom_1493986427887{padding-bottom: 20px !important;}&#8220;]<\/p>\n<h2>Spezialkonstruktionen<\/h2>\n<p>[\/vc_column_text][vc_column_text css=&#8220;.vc_custom_1493977820468{padding-bottom: 60px !important;}&#8220;]In unserem Bereich Spezialkonstruktionen umfasst 3.500 kg Anh\u00e4nger, Kofferaufbauten und hochwertige Event Containern. Dieser Bereich ist sehr umfangreich und setz f\u00fcr unseren Kunden vielf\u00e4ltige Anforderungen um.[\/vc_column_text][cms_gallery images=&#8220;2347,2348,2349,2350,2351,2352,2353,2331,2332,2333,2334,2335,2336,2337,2338,2339,2340,2341,2342,2343,2344,2345,2346&#8243; col_xs=&#8220;1&#8243; col_sm=&#8220;2&#8243; col_md=&#8220;3&#8243; col_lg=&#8220;4&#8243; cms_template=&#8220;cms_gallery.php&#8220;][vc_column_text css=&#8220;.vc_custom_1493977856257{padding-top: 40px !important;padding-bottom: 40px !important;}&#8220;]<\/p>\n<h2>Anh\u00e4nger<\/h2>\n<p>[\/vc_column_text][cms_gallery images=&#8220;2835,2834,2832,2831,2829,2827,2830,2828,2355,2356,2357,2358,2359,2360,2361,2362,2363,2364,2365,2366&#8243; col_xs=&#8220;1&#8243; col_sm=&#8220;2&#8243; col_md=&#8220;3&#8243; col_lg=&#8220;4&#8243; cms_template=&#8220;cms_gallery.php&#8220;][\/vc_column][\/vc_row]<\/p>","protected":false},"excerpt":{"rendered":"<p>[vc_row][vc_column css=&#8220;.vc_custom_1492763454209{padding-right: 40px !important;}&#8220;][vc_column_text css=&#8220;.vc_custom_1493986427887{padding-bottom: 20px !important;}&#8220;] Spezialkonstruktionen [\/vc_column_text][vc_column_text css=&#8220;.vc_custom_1493977820468{padding-bottom: 60px !important;}&#8220;]In unserem Bereich Spezialkonstruktionen umfasst 3.500 kg Anh\u00e4nger, Kofferaufbauten und hochwertige Event Containern. Dieser Bereich ist sehr umfangreich und setz f\u00fcr<\/p>\n","protected":false},"author":1,"featured_media":0,"parent":0,"menu_order":0,"comment_status":"closed","ping_status":"closed","template":"","meta":{"_exactmetrics_skip_tracking":false,"_exactmetrics_sitenote_active":false,"_exactmetrics_sitenote_note":"","_exactmetrics_sitenote_category":0,"footnotes":""},"class_list":["post-2065","page","type-page","status-publish","hentry"],"yoast_head":"<!-- This site is optimized with the Yoast SEO plugin v25.7 - https:\/\/yoast.com\/wordpress\/plugins\/seo\/ -->\n<title>Spezialkonstruktionen - Getrex Special Products B.V.<\/title>\n<meta name=\"robots\" content=\"index, follow, max-snippet:-1, max-image-preview:large, max-video-preview:-1\" \/>\n<link rel=\"canonical\" href=\"https:\/\/www.getrex.nl\/speciaalbouw\/\" \/>\n<meta property=\"og:locale\" content=\"de_DE\" \/>\n<meta property=\"og:type\" content=\"article\" \/>\n<meta property=\"og:title\" content=\"Spezialkonstruktionen - Getrex Special Products B.V.\" \/>\n<meta property=\"og:description\" content=\"[vc_row][vc_column css=&#8220;.vc_custom_1492763454209{padding-right: 40px !important;}&#8220;][vc_column_text css=&#8220;.vc_custom_1493986427887{padding-bottom: 20px !important;}&#8220;] Spezialkonstruktionen [\/vc_column_text][vc_column_text css=&#8220;.vc_custom_1493977820468{padding-bottom: 60px !important;}&#8220;]In unserem Bereich Spezialkonstruktionen umfasst 3.500 kg Anh\u00e4nger, Kofferaufbauten und hochwertige Event Containern. Dieser Bereich ist sehr umfangreich und setz f\u00fcr\" \/>\n<meta property=\"og:url\" content=\"https:\/\/www.getrex.nl\/speciaalbouw\/\" \/>\n<meta property=\"og:site_name\" content=\"Getrex Special Products B.V.\" \/>\n<meta property=\"article:modified_time\" content=\"2021-09-22T11:27:21+00:00\" \/>\n<meta name=\"twitter:card\" content=\"summary_large_image\" \/>\n<meta name=\"twitter:label1\" content=\"Gesch\u00e4tzte Lesezeit\" \/>\n\t<meta name=\"twitter:data1\" content=\"1\u00a0Minute\" \/>\n<script type=\"application\/ld+json\" class=\"yoast-schema-graph\">{\"@context\":\"https:\/\/schema.org\",\"@graph\":[{\"@type\":\"WebPage\",\"@id\":\"https:\/\/www.getrex.nl\/speciaalbouw\/\",\"url\":\"https:\/\/www.getrex.nl\/speciaalbouw\/\",\"name\":\"Spezialkonstruktionen - Getrex Special Products B.V.\",\"isPartOf\":{\"@id\":\"https:\/\/www.getrex.nl\/nl\/#website\"},\"datePublished\":\"2017-05-02T07:05:30+00:00\",\"dateModified\":\"2021-09-22T11:27:21+00:00\",\"breadcrumb\":{\"@id\":\"https:\/\/www.getrex.nl\/speciaalbouw\/#breadcrumb\"},\"inLanguage\":\"de\",\"potentialAction\":[{\"@type\":\"ReadAction\",\"target\":[\"https:\/\/www.getrex.nl\/speciaalbouw\/\"]}]},{\"@type\":\"BreadcrumbList\",\"@id\":\"https:\/\/www.getrex.nl\/speciaalbouw\/#breadcrumb\",\"itemListElement\":[{\"@type\":\"ListItem\",\"position\":1,\"name\":\"Home\",\"item\":\"https:\/\/www.getrex.nl\/nl\/\"},{\"@type\":\"ListItem\",\"position\":2,\"name\":\"Speciaalbouw\"}]},{\"@type\":\"WebSite\",\"@id\":\"https:\/\/www.getrex.nl\/nl\/#website\",\"url\":\"https:\/\/www.getrex.nl\/nl\/\",\"name\":\"Getrex Special Products B.V.\",\"description\":\"\",\"potentialAction\":[{\"@type\":\"SearchAction\",\"target\":{\"@type\":\"EntryPoint\",\"urlTemplate\":\"https:\/\/www.getrex.nl\/nl\/?s={search_term_string}\"},\"query-input\":{\"@type\":\"PropertyValueSpecification\",\"valueRequired\":true,\"valueName\":\"search_term_string\"}}],\"inLanguage\":\"de\"}]}<\/script>\n<!-- \/ Yoast SEO plugin. -->","yoast_head_json":{"title":"Spezialkonstruktionen - Getrex Special Products B.V.","robots":{"index":"index","follow":"follow","max-snippet":"max-snippet:-1","max-image-preview":"max-image-preview:large","max-video-preview":"max-video-preview:-1"},"canonical":"https:\/\/www.getrex.nl\/speciaalbouw\/","og_locale":"de_DE","og_type":"article","og_title":"Spezialkonstruktionen - Getrex Special Products B.V.","og_description":"[vc_row][vc_column css=&#8220;.vc_custom_1492763454209{padding-right: 40px !important;}&#8220;][vc_column_text css=&#8220;.vc_custom_1493986427887{padding-bottom: 20px !important;}&#8220;] Spezialkonstruktionen [\/vc_column_text][vc_column_text css=&#8220;.vc_custom_1493977820468{padding-bottom: 60px !important;}&#8220;]In unserem Bereich Spezialkonstruktionen umfasst 3.500 kg Anh\u00e4nger, Kofferaufbauten und hochwertige Event Containern. Dieser Bereich ist sehr umfangreich und setz f\u00fcr","og_url":"https:\/\/www.getrex.nl\/speciaalbouw\/","og_site_name":"Getrex Special Products B.V.","article_modified_time":"2021-09-22T11:27:21+00:00","twitter_card":"summary_large_image","twitter_misc":{"Gesch\u00e4tzte Lesezeit":"1\u00a0Minute"},"schema":{"@context":"https:\/\/schema.org","@graph":[{"@type":"WebPage","@id":"https:\/\/www.getrex.nl\/speciaalbouw\/","url":"https:\/\/www.getrex.nl\/speciaalbouw\/","name":"Spezialkonstruktionen - Getrex Special Products B.V.","isPartOf":{"@id":"https:\/\/www.getrex.nl\/nl\/#website"},"datePublished":"2017-05-02T07:05:30+00:00","dateModified":"2021-09-22T11:27:21+00:00","breadcrumb":{"@id":"https:\/\/www.getrex.nl\/speciaalbouw\/#breadcrumb"},"inLanguage":"de","potentialAction":[{"@type":"ReadAction","target":["https:\/\/www.getrex.nl\/speciaalbouw\/"]}]},{"@type":"BreadcrumbList","@id":"https:\/\/www.getrex.nl\/speciaalbouw\/#breadcrumb","itemListElement":[{"@type":"ListItem","position":1,"name":"Home","item":"https:\/\/www.getrex.nl\/nl\/"},{"@type":"ListItem","position":2,"name":"Speciaalbouw"}]},{"@type":"WebSite","@id":"https:\/\/www.getrex.nl\/nl\/#website","url":"https:\/\/www.getrex.nl\/nl\/","name":"Getrex Special Products B.V.","description":"","potentialAction":[{"@type":"SearchAction","target":{"@type":"EntryPoint","urlTemplate":"https:\/\/www.getrex.nl\/nl\/?s={search_term_string}"},"query-input":{"@type":"PropertyValueSpecification","valueRequired":true,"valueName":"search_term_string"}}],"inLanguage":"de"}]}},"_links":{"self":[{"href":"https:\/\/www.getrex.nl\/de\/wp-json\/wp\/v2\/pages\/2065","targetHints":{"allow":["GET"]}}],"collection":[{"href":"https:\/\/www.getrex.nl\/de\/wp-json\/wp\/v2\/pages"}],"about":[{"href":"https:\/\/www.getrex.nl\/de\/wp-json\/wp\/v2\/types\/page"}],"author":[{"embeddable":true,"href":"https:\/\/www.getrex.nl\/de\/wp-json\/wp\/v2\/users\/1"}],"replies":[{"embeddable":true,"href":"https:\/\/www.getrex.nl\/de\/wp-json\/wp\/v2\/comments?post=2065"}],"version-history":[{"count":23,"href":"https:\/\/www.getrex.nl\/de\/wp-json\/wp\/v2\/pages\/2065\/revisions"}],"predecessor-version":[{"id":2840,"href":"https:\/\/www.getrex.nl\/de\/wp-json\/wp\/v2\/pages\/2065\/revisions\/2840"}],"wp:attachment":[{"href":"https:\/\/www.getrex.nl\/de\/wp-json\/wp\/v2\/media?parent=2065"}],"curies":[{"name":"wp","href":"https:\/\/api.w.org\/{rel}","templated":true}]}}